{"id":3047,"date":"2023-02-28T19:12:17","date_gmt":"2023-02-28T19:12:17","guid":{"rendered":"https:\/\/groovydogs.be\/?post_type=product&#038;p=3047"},"modified":"2025-06-06T12:00:17","modified_gmt":"2025-06-06T12:00:17","slug":"ownat-chat-prime-adult-hair-et-skin","status":"publish","type":"product","link":"https:\/\/groovydogs.be\/fr\/product\/ownat-chat-prime-adult-hair-et-skin\/","title":{"rendered":"Ownat Chat Prime Adult Hair et Skin 3kilo"},"content":{"rendered":"<p>Sp\u00e9cialement indiqu\u00e9 pour le soin de la peau et du poil, il contient une combinaison \u00e9quilibr\u00e9e d&rsquo;acides om\u00e9ga-3 et om\u00e9ga-6, associ\u00e9e \u00e0 un complexe de vitamines A, E, de biotine et de min\u00e9raux (zinc, s\u00e9l\u00e9nium), qui donnent une peau saine et un poil brillant et soyeux.<\/p>\n<p>Poulet frais* (min. 25% avant l&rsquo;extrusion), dinde fra\u00eeche* (min. 25% avant l&rsquo;extrusion), poulet d\u00e9shydrat\u00e9 (13%), racines de manioc* (8%), porc d\u00e9shydrat\u00e9 (7%), graisse de volaille (pr\u00e9serv\u00e9e avec des antioxydants naturels), petits pois entiers* (5%), poissons d\u00e9shydrat\u00e9s (anchois du P\u00e9rou, chinchard et maquereau), pomme de terre d\u00e9shydrat\u00e9e* (4%), pulpe de betterave, \u0153uf d\u00e9shydrat\u00e9* (1%), levure de bi\u00e8re* (1%), prot\u00e9ines de poulet hydrolys\u00e9es, huile de poisson (pr\u00e9serv\u00e9e avec des antioxydants naturels), graines de lin* (1%), pomme* (1%), sel gemme*, luzerne d\u00e9shydrat\u00e9e*, fructo-oligosaccharides et mannane-oligosaccharides, algues marines d\u00e9shydrat\u00e9es* (500 mg\/kg), glucosamine (500 mg\/kg), yucca schidigera, chondro\u00eftine sulfate (100 mg\/kg), airelles* (100 mg\/kg), thym* (80 mg\/kg), fleur de camomille* (80 mg\/kg), fenouil* (80 mg\/kg), \u00e9chinac\u00e9e* (80 mg\/kg), th\u00e9 vert* (80 mg\/kg). *INGR\u00c9DIENTS NATURELS<\/p>\n","protected":false},"excerpt":{"rendered":"<p>Sp\u00e9cialement indiqu\u00e9 pour le soin de la peau et du poil, il contient une combinaison \u00e9quilibr\u00e9e d&rsquo;acides om\u00e9ga-3 et om\u00e9ga-6, associ\u00e9e \u00e0 un complexe de vitamines A, E, de biotine et de min\u00e9raux (zinc, s\u00e9l\u00e9nium), qui donnent une peau saine et un poil brillant et soyeux.<\/p>\n<p>Prot\u00e9ines : 40%, teneur en mati\u00e8res grasses : 20%, cellulose brute : 3%, mati\u00e8re inorganique : 8,5%, humidit\u00e9 : 8%, om\u00e9ga 6 : 3,6%, om\u00e9ga 3 : 0,65%, calcium : 1,4%, phosphore : 1,1%.<\/p>\n","protected":false},"featured_media":3054,"comment_status":"open","ping_status":"closed","template":"","meta":{"_acf_changed":false},"product_brand":[],"product_cat":[268,265],"product_tag":[],"class_list":{"0":"post-3047","1":"product","2":"type-product","3":"status-publish","4":"has-post-thumbnail","6":"product_cat-aliments-secs-fr","7":"product_cat-nutrition-fr","8":"pa_merk-ownat-fr","10":"first","11":"outofstock","12":"taxable","13":"shipping-taxable","14":"purchasable","15":"product-type-simple"},"acf":[],"_links":{"self":[{"href":"https:\/\/groovydogs.be\/fr\/wp-json\/wp\/v2\/product\/3047","targetHints":{"allow":["GET"]}}],"collection":[{"href":"https:\/\/groovydogs.be\/fr\/wp-json\/wp\/v2\/product"}],"about":[{"href":"https:\/\/groovydogs.be\/fr\/wp-json\/wp\/v2\/types\/product"}],"replies":[{"embeddable":true,"href":"https:\/\/groovydogs.be\/fr\/wp-json\/wp\/v2\/comments?post=3047"}],"wp:featuredmedia":[{"embeddable":true,"href":"https:\/\/groovydogs.be\/fr\/wp-json\/wp\/v2\/media\/3054"}],"wp:attachment":[{"href":"https:\/\/groovydogs.be\/fr\/wp-json\/wp\/v2\/media?parent=3047"}],"wp:term":[{"taxonomy":"product_brand","embeddable":true,"href":"https:\/\/groovydogs.be\/fr\/wp-json\/wp\/v2\/product_brand?post=3047"},{"taxonomy":"product_cat","embeddable":true,"href":"https:\/\/groovydogs.be\/fr\/wp-json\/wp\/v2\/product_cat?post=3047"},{"taxonomy":"product_tag","embeddable":true,"href":"https:\/\/groovydogs.be\/fr\/wp-json\/wp\/v2\/product_tag?post=3047"}],"curies":[{"name":"wp","href":"https:\/\/api.w.org\/{rel}","templated":true}]}}