{"id":3011,"date":"2023-02-28T19:15:09","date_gmt":"2023-02-28T19:15:09","guid":{"rendered":"https:\/\/groovydogs.be\/?post_type=product&#038;p=3011"},"modified":"2025-12-15T12:29:43","modified_gmt":"2025-12-15T12:29:43","slug":"ownat-senior-poulet-et-dinde","status":"publish","type":"product","link":"https:\/\/groovydogs.be\/fr\/product\/ownat-senior-poulet-et-dinde\/","title":{"rendered":"Ownat Senior Poulet et Dinde 12kilo"},"content":{"rendered":"<p>Destin\u00e9 aux chiens \u00e0 compter de 7-8 ans. \u00c9labor\u00e9 avec 50% de viande fra\u00eeche de poulet de dinde, et un apport suppl\u00e9mentaire de sulfate de chondro\u00eftine et de glucosamine qui contribue \u00e0 maintenir la masse musculaire, les articulations et les cartilages en parfait \u00e9tat au cours du vieillissement.<\/p>\n<p>Poulet frais* (min. 25% avant l&rsquo;extrusion), dinde fra\u00eeche* (min. 25% avant l&rsquo;extrusion), poulet d\u00e9shydrat\u00e9 (13%), petits pois entiers* (9%), racines de manioc* (7%), graisse de volaille (pr\u00e9serv\u00e9e avec des antioxydants naturels), poissons d\u00e9shydrat\u00e9s (anchois du P\u00e9rou, chinchard et maquereau), pomme de terre d\u00e9shydrat\u00e9e* (3%), \u0153uf d\u00e9shydrat\u00e9* (2%), porc d\u00e9shydrat\u00e9 (2%), levure de bi\u00e8re* (1%), pomme* (1%), gousse de caroube* (1%), pulpe de betterave, prot\u00e9ines de poulet hydrolys\u00e9es, graines de lin* (1%), huile de poisson (pr\u00e9serv\u00e9e avec des antioxydants naturels), luzerne d\u00e9shydrat\u00e9e*, sel gemme*, fructo-oligosaccharides et mannane-oligosaccharides, algues marines d\u00e9shydrat\u00e9es* (500 mg\/kg), glucosamine (500 mg\/kg), yucca schidigera, chondro\u00eftine sulfate (100 mg\/kg), airelles* (100 mg\/kg), thym* (80 mg\/kg), fleur de camomille* (80 mg\/kg), fenouil* (80 mg\/kg), \u00e9chinac\u00e9e* (80 mg\/kg), th\u00e9 vert* (80 mg\/kg). *INGR\u00c9DIENTS NATURELS<\/p>\n","protected":false},"excerpt":{"rendered":"<p>Destin\u00e9 aux chiens \u00e0 compter de 7-8 ans. \u00c9labor\u00e9 avec 50% de viande fra\u00eeche de poulet de dinde, et un apport suppl\u00e9mentaire de sulfate de chondro\u00eftine et de glucosamine qui contribue \u00e0 maintenir la masse musculaire, les articulations et les cartilages en parfait \u00e9tat au cours du vieillissement.<\/p>\n<p>Prot\u00e9ines : 36%, teneur en mati\u00e8res grasses : 14%, cellulose brute : 4%, mati\u00e8re inorganique : 9%, humidit\u00e9 : 8%, om\u00e9ga 6 : 3,2%, om\u00e9ga 3 : 0,5%, calcium : 1,6%, phosphore : 1,1%.<\/p>\n","protected":false},"featured_media":3018,"comment_status":"open","ping_status":"closed","template":"","meta":{"_acf_changed":false},"product_brand":[],"product_cat":[268,265],"product_tag":[435],"class_list":{"0":"post-3011","1":"product","2":"type-product","3":"status-publish","4":"has-post-thumbnail","6":"product_cat-aliments-secs-fr","7":"product_cat-nutrition-fr","8":"product_tag-ownat","9":"pa_merk-ownat-fr","11":"first","12":"instock","13":"taxable","14":"shipping-taxable","15":"purchasable","16":"product-type-simple"},"acf":[],"_links":{"self":[{"href":"https:\/\/groovydogs.be\/fr\/wp-json\/wp\/v2\/product\/3011","targetHints":{"allow":["GET"]}}],"collection":[{"href":"https:\/\/groovydogs.be\/fr\/wp-json\/wp\/v2\/product"}],"about":[{"href":"https:\/\/groovydogs.be\/fr\/wp-json\/wp\/v2\/types\/product"}],"replies":[{"embeddable":true,"href":"https:\/\/groovydogs.be\/fr\/wp-json\/wp\/v2\/comments?post=3011"}],"wp:featuredmedia":[{"embeddable":true,"href":"https:\/\/groovydogs.be\/fr\/wp-json\/wp\/v2\/media\/3018"}],"wp:attachment":[{"href":"https:\/\/groovydogs.be\/fr\/wp-json\/wp\/v2\/media?parent=3011"}],"wp:term":[{"taxonomy":"product_brand","embeddable":true,"href":"https:\/\/groovydogs.be\/fr\/wp-json\/wp\/v2\/product_brand?post=3011"},{"taxonomy":"product_cat","embeddable":true,"href":"https:\/\/groovydogs.be\/fr\/wp-json\/wp\/v2\/product_cat?post=3011"},{"taxonomy":"product_tag","embeddable":true,"href":"https:\/\/groovydogs.be\/fr\/wp-json\/wp\/v2\/product_tag?post=3011"}],"curies":[{"name":"wp","href":"https:\/\/api.w.org\/{rel}","templated":true}]}}