{"id":2252,"date":"2022-09-27T09:42:08","date_gmt":"2022-09-27T09:42:08","guid":{"rendered":"https:\/\/groovydogs.be\/product\/switchbak-dog-harness\/"},"modified":"2026-01-01T01:04:18","modified_gmt":"2026-01-01T01:04:18","slug":"boite-de-commutation-dog-harness","status":"publish","type":"product","link":"https:\/\/groovydogs.be\/fr\/product\/boite-de-commutation-dog-harness\/","title":{"rendered":"Bo\u00eete de commutation  Dog Harness"},"content":{"rendered":"<p>Le harnais Switchbak est un harnais \u00e0 trois points, s&rsquo;utilise comme le harnais webmaster, avec cet avantage que le chien lui-m\u00eame peut porter de petits objets, comme des sacs de ramassage, une laisse, vos cl\u00e9s&#8230;..<\/p>\n<p>Peut \u00eatre r\u00e9gl\u00e9 en 5 points pour que ce harnais s&rsquo;adapte parfaitement. Une paire de lignes en tissu r\u00e9fl\u00e9chissant pour une bonne visibilit\u00e9, un anneau solide pour tenir le chien en laisse.<\/p>\n<p>Il doit \u00eatre lav\u00e9 \u00e0 la main et ne doit pas non plus \u00eatre s\u00e9ch\u00e9 en machine.<\/p>\n<p>poids et contenu <\/p>\n<div class=\"grid-col grid-md_5 grid-lg_7\">\n<div class=\"tier mix-tier_centered\">\n<div class=\"set\">\n<div class=\"set-bd set-bd_separated mix-set-bd_scrollable\">\n<table class=\"table mix-table_centered\">\n<thead class=\"table-hd\">\n<tr>\n<th><span class=\"txt txt_md\">Taille<\/span><\/th>\n<th><span class=\"txt txt_md\">Poids<\/span><\/th>\n<th><span class=\"txt txt_md\">Capacit\u00e9<\/span><\/th>\n<\/tr>\n<\/thead>\n<tbody class=\"table-bd\">\n<tr>\n<td><span class=\"txt txt_md mix-txt_weightLt\">XS<\/span><\/td>\n<td><span class=\"txt txt_md mix-txt_weightLt\">0.7 lb (317 g)<\/span><\/td>\n<td><span class=\"txt txt_md mix-txt_weightLt\">103 in\u00b3 (1.7 L)<\/span><\/td>\n<\/tr>\n<tr>\n<td><span class=\"txt txt_md mix-txt_weightLt\">S<\/span><\/td>\n<td><span class=\"txt txt_md mix-txt_weightLt\">0.9 lb (408 g)<\/span><\/td>\n<td><span class=\"txt txt_md mix-txt_weightLt\">183 in\u00b3 (3 L)<\/span><\/td>\n<\/tr>\n<tr><sd><span class=\"txt txt_md mix-txt_weightLt\">M<\/span><\/td>\n<td><span class=\"txt txt_md mix-txt_weightLt\">1 lb (453 g)<\/span><\/td>\n<td><span class=\"txt txt_md mix-txt_weightLt\">262 in\u00b3 (4.3 L)<\/span><\/td>\n<\/tr>\n<tr>\n<td><span class=\"txt txt_md mix-txt_weightLt\">L\/XL<\/span><\/td>\n<td><span class=\"txt txt_md mix-txt_weightLt\">1.2 lb (544 g)<\/span><\/td>\n<td><span class=\"txt txt_md mix-txt_weightLt\">457 in\u00b3 (7,5 L)<\/span><\/td>\n<\/tr>\n<\/tbody>\n<\/table><\/div>\n<\/p><\/div>\n<\/p><\/div>\n<p> &#038;nbsp ;<\/p>\n","protected":false},"excerpt":{"rendered":"<p>Le harnais Switchbak est un harnais \u00e0 trois points, s&rsquo;utilise comme le harnais webmaster, avec cet avantage que le chien lui-m\u00eame peut porter de petits objets, comme des sacs de ramassage, une laisse, vos cl\u00e9s&#8230;..<\/p>\n","protected":false},"featured_media":4101,"comment_status":"closed","ping_status":"closed","template":"","meta":{"_acf_changed":false},"product_brand":[],"product_cat":[233],"product_tag":[],"class_list":{"0":"post-2252","1":"product","2":"type-product","3":"status-publish","4":"has-post-thumbnail","6":"product_cat-accessoires-fr","7":"pa_merk-ruffwear-fr","9":"first","10":"instock","11":"purchasable","12":"product-type-variable"},"acf":[],"_links":{"self":[{"href":"https:\/\/groovydogs.be\/fr\/wp-json\/wp\/v2\/product\/2252","targetHints":{"allow":["GET"]}}],"collection":[{"href":"https:\/\/groovydogs.be\/fr\/wp-json\/wp\/v2\/product"}],"about":[{"href":"https:\/\/groovydogs.be\/fr\/wp-json\/wp\/v2\/types\/product"}],"replies":[{"embeddable":true,"href":"https:\/\/groovydogs.be\/fr\/wp-json\/wp\/v2\/comments?post=2252"}],"wp:featuredmedia":[{"embeddable":true,"href":"https:\/\/groovydogs.be\/fr\/wp-json\/wp\/v2\/media\/4101"}],"wp:attachment":[{"href":"https:\/\/groovydogs.be\/fr\/wp-json\/wp\/v2\/media?parent=2252"}],"wp:term":[{"taxonomy":"product_brand","embeddable":true,"href":"https:\/\/groovydogs.be\/fr\/wp-json\/wp\/v2\/product_brand?post=2252"},{"taxonomy":"product_cat","embeddable":true,"href":"https:\/\/groovydogs.be\/fr\/wp-json\/wp\/v2\/product_cat?post=2252"},{"taxonomy":"product_tag","embeddable":true,"href":"https:\/\/groovydogs.be\/fr\/wp-json\/wp\/v2\/product_tag?post=2252"}],"curies":[{"name":"wp","href":"https:\/\/api.w.org\/{rel}","templated":true}]}}