{"id":2241,"date":"2022-09-27T09:42:08","date_gmt":"2022-09-27T09:42:08","guid":{"rendered":"https:\/\/groovydogs.be\/product\/tre-ponti-liberta-tuig-reflecterend\/"},"modified":"2025-12-16T00:53:57","modified_gmt":"2025-12-16T00:53:57","slug":"tre-ponti-liberta-harnais-reflechissant","status":"publish","type":"product","link":"https:\/\/groovydogs.be\/fr\/product\/tre-ponti-liberta-harnais-reflechissant\/","title":{"rendered":"Tre Ponti LIBERTA Harnais r\u00e9fl\u00e9chissant"},"content":{"rendered":"<h2>Le harnais Tre Ponti LIBERTA Reflective, avec fermeture par cordon.<\/h2>\n<p>Le harnais Tre Ponti LIBERTA Reflective est un harnais pour chiens de petite \u00e0 tr\u00e8s petite taille et comporte une fermeture par cordon et des sangles r\u00e9fl\u00e9chissantes. Le harnais Liberta est con\u00e7u comme un harnais de dressage ou un harnais de ville pour les petits chiens et les chiots.<\/p>\n<p>Le cordon de r\u00e9glage innovant permet une grande libert\u00e9 de mouvement pour le chien. Lorsque la laisse se tend, elle supprime l&rsquo;espace et suscite une r\u00e9action du chien. Normalement, le chien s&rsquo;immobilise imm\u00e9diatement et vous regarde. En r\u00e9compensant cette action chez les chiots, on peut d\u00e9sapprendre la traction \u00e0 un stade pr\u00e9coce.<\/p>\n<p>Il ne s&rsquo;agit <strong>pas<\/strong> d&rsquo;un harnais anti-tags mais il vous donne les moyens de rompre un comportement n\u00e9gatif.<\/p>\n","protected":false},"excerpt":{"rendered":"<p>Le harnais Tre Ponti LIBERTA Reflective est un harnais pour les chiens de petite \u00e0 tr\u00e8s petite taille et comporte une fermeture \u00e0 cordon et des sangles r\u00e9fl\u00e9chissantes. Le harnais Liberta est con\u00e7u comme un harnais de dressage ou un harnais de ville pour les petits chiens et les chiots.<\/p>\n","protected":false},"featured_media":3294,"comment_status":"closed","ping_status":"closed","template":"","meta":{"_acf_changed":false},"product_brand":[],"product_cat":[233],"product_tag":[],"class_list":{"0":"post-2241","1":"product","2":"type-product","3":"status-publish","4":"has-post-thumbnail","6":"product_cat-accessoires-fr","7":"pa_merk-tre-ponti-fr","9":"first","10":"instock","11":"purchasable","12":"product-type-variable"},"acf":[],"_links":{"self":[{"href":"https:\/\/groovydogs.be\/fr\/wp-json\/wp\/v2\/product\/2241","targetHints":{"allow":["GET"]}}],"collection":[{"href":"https:\/\/groovydogs.be\/fr\/wp-json\/wp\/v2\/product"}],"about":[{"href":"https:\/\/groovydogs.be\/fr\/wp-json\/wp\/v2\/types\/product"}],"replies":[{"embeddable":true,"href":"https:\/\/groovydogs.be\/fr\/wp-json\/wp\/v2\/comments?post=2241"}],"wp:featuredmedia":[{"embeddable":true,"href":"https:\/\/groovydogs.be\/fr\/wp-json\/wp\/v2\/media\/3294"}],"wp:attachment":[{"href":"https:\/\/groovydogs.be\/fr\/wp-json\/wp\/v2\/media?parent=2241"}],"wp:term":[{"taxonomy":"product_brand","embeddable":true,"href":"https:\/\/groovydogs.be\/fr\/wp-json\/wp\/v2\/product_brand?post=2241"},{"taxonomy":"product_cat","embeddable":true,"href":"https:\/\/groovydogs.be\/fr\/wp-json\/wp\/v2\/product_cat?post=2241"},{"taxonomy":"product_tag","embeddable":true,"href":"https:\/\/groovydogs.be\/fr\/wp-json\/wp\/v2\/product_tag?post=2241"}],"curies":[{"name":"wp","href":"https:\/\/api.w.org\/{rel}","templated":true}]}}