{"id":2219,"date":"2022-09-27T09:42:26","date_gmt":"2022-09-27T09:42:26","guid":{"rendered":"https:\/\/groovydogs.be\/product\/ruffwear-front-range-harnas\/"},"modified":"2025-11-18T00:01:48","modified_gmt":"2025-11-18T00:01:48","slug":"ruffwear-harnais-front-range","status":"publish","type":"product","link":"https:\/\/groovydogs.be\/fr\/product\/ruffwear-harnais-front-range\/","title":{"rendered":"RUFFWEAR Harnais Front Range"},"content":{"rendered":"<h2>Le harnais Ruffwear Front Range, pour l&rsquo;aventure au quotidien !<\/h2>\n<p>Le <strong>harnais Ruffwear Front Range<\/strong>est un harnais pour le quotidien, facile \u00e0 r\u00e9gler et confortable \u00e0 porter pour les chiens. Le harnais comporte deux options de serrage de la laisse : un anneau en V en aluminium centr\u00e9 sur le dos du chien pour les promenades quotidiennes, et une laisse sur la poitrine du chien pour le dressage ou un contr\u00f4le suppl\u00e9mentaire. Une pochette d&rsquo;identification sp\u00e9ciale permet d&rsquo;accueillir les \u00e9tiquettes.<\/p>\n<h3>Tailles disponibles<\/h3>\n<p>XS43-&#8230;56 cmS56-69 cmM69-81 cmL\/XL81-107 cm<\/p>\n<table>\n<tbody>\n<tr>\n<td><strong>Taille<\/strong><\/td>\n<td><strong>Taille*<\/strong><\/td>\n<td>XXS<\/td>\n<td>33-43 cm<\/td>\n<\/tr>\n<\/tbody>\n<\/table>\n<p>(*) Mesure \u00e0 la partie la plus large de la poitrine, juste derri\u00e8re les pattes avant.<\/p>\n<p>En cas de doute entre 2 tailles, prenez la taille la plus grande.<\/p>\n<h3>Instructions de lavage<\/h3>\n<ul>\n<li>S\u00e9curiser les attaches<\/li>\n<li>Laver \u00e0 l&rsquo;eau froide<\/li>\n<li>Cycle doux (lavage \u00e0 la main)<\/li>\n<li>Utiliser une lessive douce<\/li>\n<li>S\u00e9chage naturel (pas de s\u00e8che-linge)<\/li>\n<\/ul>\n<p>&amp;nbsp ;<\/p>\n<h3>Quand est-il pr\u00e9f\u00e9rable d&rsquo;utiliser un harnais \u00e0 clip frontal pour votre chien ?<\/h3>\n<p>Avec un entra\u00eenement ad\u00e9quat, un propri\u00e9taire exp\u00e9riment\u00e9, associ\u00e9 \u00e0 une r\u00e9compense g\u00e9n\u00e9reuse en biscuits ou en &lsquo;<a title=\"Farm Food Trainers\" href=\"https:\/\/www.groovydogs.be\/product-category\/hondensnacks-en-trainers\/\">formateurs<\/a>&lsquo;, peut tout \u00e0 fait r\u00e9ussir \u00e0 faire marcher le chien en laisse libre avec un collier classique. Mais dans certains cas, le chien doit \u00eatre promen\u00e9 en laisse sans avoir eu au pr\u00e9alable l&rsquo;occasion de se d\u00e9fouler. Dans ce cas, le collier classique peut s&rsquo;av\u00e9rer insuffisant. Un harnais avec une attache \u00e0 l&rsquo;avant, au milieu de la zone de la poitrine, comme le harnais Ruffwear Front Range, fera en sorte que le chien soit priv\u00e9 d&rsquo;une partie de sa force de traction et que l&rsquo;animal bien \u00e9lev\u00e9 se tourne volontiers vers vous pour vous apporter l&rsquo;attention n\u00e9cessaire. \u00c0 ce stade, vous pouvez r\u00e9compenser votre chien avec une friandise et\/ou un mouvement vers l&rsquo;avant, le tout en laisse non tendue.<\/p>\n","protected":false},"excerpt":{"rendered":"<p>Harnais Ruffwear Front Range, pour l&rsquo;aventure de tous les jours !<\/p>\n<p>Le harnais Ruffwear Front Range est un harnais pour un usage quotidien, facile \u00e0 r\u00e9gler et confortable \u00e0 porter pour les chiens. Le harnais comporte deux options de serrage de la laisse : un anneau en V en aluminium centr\u00e9 sur le dos du chien pour les promenades quotidiennes, et une laisse sur la poitrine du chien pour le dressage ou un contr\u00f4le suppl\u00e9mentaire. Une pochette d&rsquo;identification sp\u00e9ciale permet d&rsquo;accueillir les \u00e9tiquettes.<\/p>\n","protected":false},"featured_media":5279,"comment_status":"closed","ping_status":"closed","template":"","meta":{"_acf_changed":false},"product_brand":[],"product_cat":[233],"product_tag":[],"class_list":{"0":"post-2219","1":"product","2":"type-product","3":"status-publish","4":"has-post-thumbnail","6":"product_cat-accessoires-fr","7":"pa_merk-ruffwear-fr","9":"first","10":"instock","11":"sale","12":"purchasable","13":"product-type-variable"},"acf":[],"_links":{"self":[{"href":"https:\/\/groovydogs.be\/fr\/wp-json\/wp\/v2\/product\/2219","targetHints":{"allow":["GET"]}}],"collection":[{"href":"https:\/\/groovydogs.be\/fr\/wp-json\/wp\/v2\/product"}],"about":[{"href":"https:\/\/groovydogs.be\/fr\/wp-json\/wp\/v2\/types\/product"}],"replies":[{"embeddable":true,"href":"https:\/\/groovydogs.be\/fr\/wp-json\/wp\/v2\/comments?post=2219"}],"wp:featuredmedia":[{"embeddable":true,"href":"https:\/\/groovydogs.be\/fr\/wp-json\/wp\/v2\/media\/5279"}],"wp:attachment":[{"href":"https:\/\/groovydogs.be\/fr\/wp-json\/wp\/v2\/media?parent=2219"}],"wp:term":[{"taxonomy":"product_brand","embeddable":true,"href":"https:\/\/groovydogs.be\/fr\/wp-json\/wp\/v2\/product_brand?post=2219"},{"taxonomy":"product_cat","embeddable":true,"href":"https:\/\/groovydogs.be\/fr\/wp-json\/wp\/v2\/product_cat?post=2219"},{"taxonomy":"product_tag","embeddable":true,"href":"https:\/\/groovydogs.be\/fr\/wp-json\/wp\/v2\/product_tag?post=2219"}],"curies":[{"name":"wp","href":"https:\/\/api.w.org\/{rel}","templated":true}]}}