{"id":2213,"date":"2022-09-27T09:43:00","date_gmt":"2022-09-27T09:43:00","guid":{"rendered":"https:\/\/groovydogs.be\/product\/profine-pure-meat-zalm-kip-natvoer\/"},"modified":"2023-01-04T13:51:44","modified_gmt":"2023-01-04T13:51:44","slug":"profine-pure-meat-salmon-chicken-nourriture-humide","status":"publish","type":"product","link":"https:\/\/groovydogs.be\/fr\/product\/profine-pure-meat-salmon-chicken-nourriture-humide\/","title":{"rendered":"Profine Pure Meat Salmon &#038; Chicken nourriture humide"},"content":{"rendered":"<p>Profine Pure Meat Zalm &amp; Kip is een 100% natuurlijke vers vlees voeding, geschikt voor honden van alle rassen en leeftijden.<\/p>\n<p>De kracht van Profine Pure Meat natvoeding is gebaseerd op de zorgvuldige selectie van basisingredi\u00ebnten om te voldoen aan 2 belangrijke factoren: een goede vertering van de voeding en de heerlijke smaak. De vleesbron wordt altijd zo gekozen dat deze in hoge mate wordt getolereerd en dat de smaak aantrekkelijk is. Maximaal 2 vleesbronnen worden gebruikt in elke Porfine Pure Meat formule. De recepten zijn rijk aan vlees en 100% granenvrij. Echte stukjes vlees zorgen voor de geweldige smaak en maken het eten eenvoudigweg onweerstaanbaar voor elk hond!<\/p>\n<p><strong>Samenstelling: <\/strong>50% kip, 15% zalm, 5% aardappelen, mineralen.<\/p>\n<p><strong>Analytische bestanddelen: <\/strong>eiwit 10,0%, vet 6,3%, ruwe as 2,5%, ruwe vezels 0,4%, vocht 75%.<\/p>\n<p><strong>Additieven: <\/strong>Vitamine D3 200 IU, Vitamine E (all-rac-alpha-tocoferol) 30 mg, zink als zinksulfaat monohydraat 15 mg, mangaan als mangaan (II)sulfaat monohydraat 3 mg, jodium als watervrij calciumjodaat 0,75%, selenium als natriumseleniet 0,03 mg<strong>.<\/strong><\/p>\n<p><strong>Gewicht:\u00a0<\/strong>400 gram<\/p>\n<p><strong>Voedingstabel:<\/strong><\/p>\n<table>\n<tbody>\n<tr>\n<td><strong>Grootte\/Gewicht van de hond<\/strong><\/td>\n<td><strong>Dagelijkse portie<\/strong><\/td>\n<\/tr>\n<tr>\n<td>SMALL (1-10 kg)<\/td>\n<td>100 &#8211; 400 gram<\/td>\n<\/tr>\n<tr>\n<td>MEDIUM (10 &#8211; 30 kg)<\/td>\n<td>400 &#8211; 800 gram<\/td>\n<\/tr>\n<tr>\n<td>LARGE (30 &#8211; 90 kg)<\/td>\n<td>800 &#8211; 1200 gral<\/td>\n<\/tr>\n<\/tbody>\n<\/table>\n<p>&nbsp;<\/p>\n","protected":false},"excerpt":{"rendered":"<p>Profine Pure Meat Salmon &#038;amp ; Champicken est un aliment 100% naturel \u00e0 base de viande fra\u00eeche qui convient aux chiens de toutes races et de tous \u00e2ges.<\/p>\n","protected":false},"featured_media":2069,"comment_status":"closed","ping_status":"closed","template":"","meta":{"_acf_changed":false},"product_brand":[],"product_cat":[266,265],"product_tag":[],"class_list":{"0":"post-2213","1":"product","2":"type-product","3":"status-publish","4":"has-post-thumbnail","6":"product_cat-aliments-humides-fr","7":"product_cat-nutrition-fr","8":"pa_merk-profine-fr","10":"first","11":"onbackorder","12":"purchasable","13":"product-type-simple"},"acf":[],"_links":{"self":[{"href":"https:\/\/groovydogs.be\/fr\/wp-json\/wp\/v2\/product\/2213","targetHints":{"allow":["GET"]}}],"collection":[{"href":"https:\/\/groovydogs.be\/fr\/wp-json\/wp\/v2\/product"}],"about":[{"href":"https:\/\/groovydogs.be\/fr\/wp-json\/wp\/v2\/types\/product"}],"replies":[{"embeddable":true,"href":"https:\/\/groovydogs.be\/fr\/wp-json\/wp\/v2\/comments?post=2213"}],"wp:featuredmedia":[{"embeddable":true,"href":"https:\/\/groovydogs.be\/fr\/wp-json\/wp\/v2\/media\/2069"}],"wp:attachment":[{"href":"https:\/\/groovydogs.be\/fr\/wp-json\/wp\/v2\/media?parent=2213"}],"wp:term":[{"taxonomy":"product_brand","embeddable":true,"href":"https:\/\/groovydogs.be\/fr\/wp-json\/wp\/v2\/product_brand?post=2213"},{"taxonomy":"product_cat","embeddable":true,"href":"https:\/\/groovydogs.be\/fr\/wp-json\/wp\/v2\/product_cat?post=2213"},{"taxonomy":"product_tag","embeddable":true,"href":"https:\/\/groovydogs.be\/fr\/wp-json\/wp\/v2\/product_tag?post=2213"}],"curies":[{"name":"wp","href":"https:\/\/api.w.org\/{rel}","templated":true}]}}