{"id":2210,"date":"2022-09-27T09:43:00","date_gmt":"2022-09-27T09:43:00","guid":{"rendered":"https:\/\/groovydogs.be\/product\/profine-pure-meat-rund-natvoer\/"},"modified":"2025-07-21T09:58:15","modified_gmt":"2025-07-21T09:58:15","slug":"profine-pure-meat-beef-nourriture-humide","status":"publish","type":"product","link":"https:\/\/groovydogs.be\/fr\/product\/profine-pure-meat-beef-nourriture-humide\/","title":{"rendered":"Profine Pure Meat Beef nourriture humide"},"content":{"rendered":"<p>Profine Pure Meat Beef est un aliment 100% naturel \u00e0 base de viande fra\u00eeche qui convient aux chiens de toutes races et de tous \u00e2ges.<\/p>\n<p>La force des aliments humides Profine Pure Meat repose sur la s\u00e9lection minutieuse des ingr\u00e9dients de base afin de r\u00e9pondre \u00e0 2 facteurs importants : une bonne digestion de l&rsquo;aliment et un go\u00fbt d\u00e9licieux. La source de viande est toujours choisie de mani\u00e8re \u00e0 ce qu&rsquo;elle soit hautement tol\u00e9r\u00e9e et que son go\u00fbt soit attrayant. Un maximum de 2 sources de viande est utilis\u00e9 dans chaque formule Porfine Pure Meat. Les recettes sont riches en viande et 100% sans c\u00e9r\u00e9ales. De vrais morceaux de viande donnent ce go\u00fbt d\u00e9licieux et rendent la nourriture tout simplement irr\u00e9sistible pour n&rsquo;importe quel chien !<\/p>\n<p><strong>Composition : <\/strong>60% de b\u0153uf, 5% de foie de b\u0153uf, 5% de pommes de terre, min\u00e9raux.<\/p>\n<p><strong>Constituants analytiques :<\/strong> prot\u00e9ines 10,4%, mati\u00e8res grasses 6,6%, cendres brutes 2,5%, fibres brutes 0,4%, humidit\u00e9 75%.<\/p>\n<p><strong>Additifs :<\/strong>Vitamine D3 200 UI, vitamine E (all-rac-alpha-tocoph\u00e9rol) 30 mg, zinc sous forme de sulfate de zinc monohydrat\u00e9 15 mg, mangan\u00e8se sous forme de sulfate de mangan\u00e8se(II) 3 mg, iode sous forme d&rsquo;iodate de calcium anhydre 0,75%, s\u00e9l\u00e9nium sous forme de s\u00e9l\u00e9nite de sodium 0,03%.<\/p>\n<p><strong>Poids : <\/strong>400 grammes<\/p>\n<p><strong>Tableau de nutrition :<\/strong> <\/p>\n<table>\n<tbody>\n<tr>\n<td><strong>Taille\/Poids du chien<\/strong><\/td>\n<td><strong>Portion journali\u00e8re<\/strong><\/td>\n<td>SMALL (1-10 kg)<\/td>\n<td>100 -. 400 grammes<\/td>\n<\/tr>\n<td>MEDIUM (10 &#8211; 30 kg)<\/td>\n<td>400 &#8211; 800 grammes<\/td>\n<\/tr>\n<tr>\n<td>LARGE (30 &#8211; 90 kg)<\/td>\n<td>800 &#8211; 1200 gral<\/td>\n<\/tr>\n<\/tbody>\n<\/table>\n<p> &#038;nbsp ;<\/p>\n","protected":false},"excerpt":{"rendered":"<p>Profine Pure Meat Beef est un aliment 100% naturel \u00e0 base de viande fra\u00eeche qui convient aux chiens de toutes races et de tous \u00e2ges.<\/p>\n","protected":false},"featured_media":2066,"comment_status":"closed","ping_status":"closed","template":"","meta":{"_acf_changed":false},"product_brand":[],"product_cat":[266,265],"product_tag":[],"class_list":{"0":"post-2210","1":"product","2":"type-product","3":"status-publish","4":"has-post-thumbnail","6":"product_cat-aliments-humides-fr","7":"product_cat-nutrition-fr","8":"pa_merk-profine-fr","10":"first","11":"onbackorder","12":"purchasable","13":"product-type-simple"},"acf":[],"_links":{"self":[{"href":"https:\/\/groovydogs.be\/fr\/wp-json\/wp\/v2\/product\/2210","targetHints":{"allow":["GET"]}}],"collection":[{"href":"https:\/\/groovydogs.be\/fr\/wp-json\/wp\/v2\/product"}],"about":[{"href":"https:\/\/groovydogs.be\/fr\/wp-json\/wp\/v2\/types\/product"}],"replies":[{"embeddable":true,"href":"https:\/\/groovydogs.be\/fr\/wp-json\/wp\/v2\/comments?post=2210"}],"wp:featuredmedia":[{"embeddable":true,"href":"https:\/\/groovydogs.be\/fr\/wp-json\/wp\/v2\/media\/2066"}],"wp:attachment":[{"href":"https:\/\/groovydogs.be\/fr\/wp-json\/wp\/v2\/media?parent=2210"}],"wp:term":[{"taxonomy":"product_brand","embeddable":true,"href":"https:\/\/groovydogs.be\/fr\/wp-json\/wp\/v2\/product_brand?post=2210"},{"taxonomy":"product_cat","embeddable":true,"href":"https:\/\/groovydogs.be\/fr\/wp-json\/wp\/v2\/product_cat?post=2210"},{"taxonomy":"product_tag","embeddable":true,"href":"https:\/\/groovydogs.be\/fr\/wp-json\/wp\/v2\/product_tag?post=2210"}],"curies":[{"name":"wp","href":"https:\/\/api.w.org\/{rel}","templated":true}]}}