{"id":2204,"date":"2022-09-27T09:43:09","date_gmt":"2022-09-27T09:43:09","guid":{"rendered":"https:\/\/groovydogs.be\/product\/profine-puppy-chicken\/"},"modified":"2025-10-02T00:00:07","modified_gmt":"2025-10-02T00:00:07","slug":"profine-puppy-poulet","status":"publish","type":"product","link":"https:\/\/groovydogs.be\/fr\/product\/profine-puppy-poulet\/","title":{"rendered":"PROFINE Puppy poulet"},"content":{"rendered":"<h2>PROFINE Puppy Chicken, 60% de poulet et de l\u00e9gumes<\/h2>\n<p> PROFINE Puppy Chicken est un morceau de chien Super Premium \u00e9quilibr\u00e9 et naturel, avec une teneur \u00e9lev\u00e9e en viande et une faible teneur en c\u00e9r\u00e9ales, sp\u00e9cialement pour les chiots. Avec des om\u00e9ga 3 et des om\u00e9ga 6, des pr\u00e9biotiques et des ingr\u00e9dients fonctionnels. Avec une teneur \u00e9lev\u00e9e en poulet facilement digestible.<\/p>\n<h3>B\u00e9n\u00e9fices nutritionnels<\/h3>\n<h4>C\u0153ur et syst\u00e8me nerveux<\/h4>\n<p> Om\u00e9ga 3 &#038;amp ; Les om\u00e9ga 6 dans un rapport \u00e9quilibr\u00e9 contribuent \u00e0 la sant\u00e9 du c\u0153ur et du syst\u00e8me nerveux <\/p>\n<h4>Nutrition pour une croissance \u00e9quilibr\u00e9e<\/h4>\n<p> Riche en prot\u00e9ines et en graisses de poulet pour une croissance \u00e9quilibr\u00e9e et le d\u00e9veloppement musculaire <\/p>\n<h4>Immunit\u00e9<\/h4>\n<p> Les pr\u00e9biotiques et les ingr\u00e9dients fonctionnels (A, C, E) aident \u00e0 augmenter la r\u00e9sistance <\/p>\n<h4>Digestion saine<\/h4>\n<p> La teneur \u00e9lev\u00e9e en poulet facilement digestible r\u00e9duit le risque de probl\u00e8mes digestifs <\/p>\n<h3>Composition &#038;amp ; Analyse<\/h3>\n<h4>INGREDIENTS<\/h4>\n<p> Poulet, foie de poulet, pommes de terre, ma\u00efs, graisse de volaille (conserv\u00e9e avec un m\u00e9lange de tocoph\u00e9rols, une source de vitamine E), huile de saumon, ar\u00f4mes naturels, pulpe de betterave s\u00e9ch\u00e9e, pommes s\u00e9ch\u00e9es, levure de bi\u00e8re, tomates, extrait de yucca schidigera, min\u00e9raux, chlorhydrate de glucosamine, sulfate de chondro\u00eftine, DL-m\u00e9thionine, L-lysine. mannan-oligosaccharides, fructo-oligosaccharides, probiotiques, cuivre organique, chlorure de choline, zinc organique, mangan\u00e8se organique, s\u00e9l\u00e9nium organique, biotine, niacine, pantoth\u00e9nate de calcium, compl\u00e9ment (source de vitamine B2), mononitrate de thiamine (source de vitamine B1), chlorhydrate de pyridoxine (source de vitamine B6), acide folique, vitamine D3, vitamine E (alpha-tocoph\u00e9rol).<\/p>\n<h4> ANALYSE GARANTIE<\/h4>\n<p> prot\u00e9ines brutes 30%, graisses brutes 19%, fibres brutes 2,5%, humidit\u00e9 10%, cendres brutes 6,5%, calcium 1,5%, phosphore 1,1% <\/p>\n<h4>ADDITIONS PAR 1 KG<\/h4>\n<p> vitamine A 26000 UI, vitamine D3 2000 UI, vitamine E (alpha-tocoph\u00e9rol) 850 mg, cuivre li\u00e9 en ch\u00e9late 25,1 mg, zinc li\u00e9 en ch\u00e9late 140 mg, s\u00e9l\u00e9nium organique 0,25 mg <\/p>\n<h4>\u00c9nergie alimentaire<\/h4>\n<p> 4 248 kcal\/kg<\/p>\n<p>Om\u00e9ga-6 : 3,2 % \/ Om\u00e9ga-3 : 0,56 %.<\/p>\n","protected":false},"excerpt":{"rendered":"<p>PROFINE Puppy Chicken est un aliment naturel et \u00e9quilibr\u00e9 en morceaux Super Premium pour chiens, \u00e0 haute teneur en viande et faible teneur en c\u00e9r\u00e9ales, sp\u00e9cialement con\u00e7u pour les chiots. Avec des om\u00e9ga 3 et om\u00e9ga 6, des pr\u00e9biotiques et des ingr\u00e9dients fonctionnels. Avec une teneur \u00e9lev\u00e9e en poulet facilement digestible.<\/p>\n","protected":false},"featured_media":2060,"comment_status":"closed","ping_status":"closed","template":"","meta":{"_acf_changed":false},"product_brand":[],"product_cat":[268,265],"product_tag":[],"class_list":{"0":"post-2204","1":"product","2":"type-product","3":"status-publish","4":"has-post-thumbnail","6":"product_cat-aliments-secs-fr","7":"product_cat-nutrition-fr","8":"pa_merk-profine-fr","10":"first","11":"instock","12":"taxable","13":"shipping-taxable","14":"purchasable","15":"product-type-simple"},"acf":[],"_links":{"self":[{"href":"https:\/\/groovydogs.be\/fr\/wp-json\/wp\/v2\/product\/2204","targetHints":{"allow":["GET"]}}],"collection":[{"href":"https:\/\/groovydogs.be\/fr\/wp-json\/wp\/v2\/product"}],"about":[{"href":"https:\/\/groovydogs.be\/fr\/wp-json\/wp\/v2\/types\/product"}],"replies":[{"embeddable":true,"href":"https:\/\/groovydogs.be\/fr\/wp-json\/wp\/v2\/comments?post=2204"}],"wp:featuredmedia":[{"embeddable":true,"href":"https:\/\/groovydogs.be\/fr\/wp-json\/wp\/v2\/media\/2060"}],"wp:attachment":[{"href":"https:\/\/groovydogs.be\/fr\/wp-json\/wp\/v2\/media?parent=2204"}],"wp:term":[{"taxonomy":"product_brand","embeddable":true,"href":"https:\/\/groovydogs.be\/fr\/wp-json\/wp\/v2\/product_brand?post=2204"},{"taxonomy":"product_cat","embeddable":true,"href":"https:\/\/groovydogs.be\/fr\/wp-json\/wp\/v2\/product_cat?post=2204"},{"taxonomy":"product_tag","embeddable":true,"href":"https:\/\/groovydogs.be\/fr\/wp-json\/wp\/v2\/product_tag?post=2204"}],"curies":[{"name":"wp","href":"https:\/\/api.w.org\/{rel}","templated":true}]}}