{"id":2195,"date":"2022-09-27T09:43:09","date_gmt":"2022-09-27T09:43:09","guid":{"rendered":"https:\/\/groovydogs.be\/product\/dog-lovers-gold-cold-pressed-formula\/"},"modified":"2023-01-03T14:47:55","modified_gmt":"2023-01-03T14:47:55","slug":"dog-lovers-gold-form-formule-pressee-a-froid","status":"publish","type":"product","link":"https:\/\/groovydogs.be\/fr\/product\/dog-lovers-gold-form-formule-pressee-a-froid\/","title":{"rendered":"Dog Lovers Gold Form formule press\u00e9e \u00e0 froid"},"content":{"rendered":"<h2>Dog Lovers Gold Cold-Pressed Formula<\/h2>\n<p> Dog Lovers Gold Cold-Pressed Formula, press\u00e9 \u00e0 froid, sans M\u00e4is, bl\u00e9, soja ou agents de remplissage. Des aliments pour chiens Super Premium qui conservent autant que possible les nutriments issus d&rsquo;ingr\u00e9dients naturels. Une nourriture s\u00e8che pour chiens aussi naturelle que possible !<\/p>\n<p>Alimentation 100% compl\u00e8te et \u00e9quilibr\u00e9e pour les chiens de tous \u00e2ges<\/p>\n<p>Facilement digestible, il favorise une peau et un pelage sains. Contient des ingr\u00e9dients de haute qualit\u00e9 et des niveaux \u00e9lev\u00e9s de prot\u00e9ines d&rsquo;origine animale. Hypoallerg\u00e9nique et SANS gluten de bl\u00e9 ajout\u00e9.<\/p>\n<h3>Avantages<\/h3>\n<ul>\n<li>Produit \u00e0 basse temp\u00e9rature (max 74 degr\u00e9s Celsius) pour la pr\u00e9servation des nutriments naturels<\/li>\n<li>Poulet frais, farine de poulet, agneau s\u00e9ch\u00e9, saumon s\u00e9ch\u00e9, \u0153ufs s\u00e9ch\u00e9s pour une excellente teneur en acides amin\u00e9s<\/li>\n<li>Sans ma\u00efs, bl\u00e9 ou soja, sans agents de remplissage !<\/li>\n<li>Patates douces hypoallerg\u00e9niques et nutritives. Parfait pour les chiens sensibles !<\/li>\n<li>Ingr\u00e9dients sains \u00e0 base de fruits et de l\u00e9gumes<\/li>\n<li>Huile de saumon pure, graisse de poulet et graines de lin pour des acides gras om\u00e9ga 3 &#038;amp ; 6 optimaux, EPA\/DHA pour des articulations souples, un pelage brillant et un \u00e9tat de peau sain<\/li>\n<li>Probiotiques, pr\u00e9biotiques et min\u00e9raux ch\u00e9lat\u00e9s pour favoriser un syst\u00e8me immunitaire fort, r\u00e9duire les probl\u00e8mes gastro-intestinaux et promouvoir un \u00e9quilibre sain des bact\u00e9ries<\/li>\n<li>La formule holistique pour tous les \u00e2ges ; chiots, chiens adultes et \u00e2g\u00e9s<\/li>\n<li>Sans colorants chimiques ni conservateurs<\/li>\n<li>Conserv\u00e9s de mani\u00e8re totalement naturelle avec un antioxydant \u00e0 base de romarin, de la vitamine E et de la vitamine C<\/li>\n<li>Excellente digestibilit\u00e9 !<\/li>\n<li>Tr\u00e8s savoureux &#8211; Les chiens en raffolent !<\/li>\n<\/ul>\n<h3>Composition<\/h3>\n<p> <img loading=\"lazy\" decoding=\"async\" class=\"alignnone size-full wp-image-7873\" src=\"https:\/\/www.groovydogs.be\/wp-content\/uploads\/2017\/03\/AB.jpg\" alt=\"Dog Lovers Gold Cold-Pressed Formula Analysis\" width=\"725\" height=\"284\" \/> <\/p>\n<h3>Composition<\/h3>\n<p> 22% de poulet (farine de poulet 12%, poulet 10%), riz brun 19%, pomme de terre s\u00e9ch\u00e9e 18.6%, pois 10%, graisse de poulet 6%, patate douce 5%, agneau s\u00e9ch\u00e9 3%, saumon s\u00e9ch\u00e9 3%, \u0153ufs 2%, huile de saumon 2%, levure de bi\u00e8re 2%, graines de lin 2%, caroube s\u00e9ch\u00e9e 2%, inuline (FOS) 0,3%, min\u00e9raux 0,3%, carotte 0,25%, ortie 0.25%, \u00e9chinac\u00e9e 0,25%, tomate 0,2%, pomme 0,2%, mangue 0,2%, prune 0,2%, banane 0,2%, thym 0,2%, basilic 0,2%, spiruline 0,2%, canneberge 0,2%, c\u00e9leri 0,15%, probiotiques : enterococcus faecium 0,02%, glucosamine 0.01%, chondro\u00eftine 0,01%.<\/p>\n<h3>Constituants analytiques<\/h3>\n<p> Prot\u00e9ines brutes : 24%, Mati\u00e8res grasses brutes : 14%, Fibres brutes : 4,5%, Cendres brutes : 6,9%, Calcium : 1,2%, Phosphore : 0,8%.<\/p>\n<h3>Additifs nutritionnels<\/h3>\n<p> Vitamine A (ac\u00e9tate d&rsquo;alpha-r\u00e9tinyl) : 18 000 UI\/kg, Vitamine D3 (chol\u00e9calcif\u00e9rol) : 1 800 UI\/kg, Vitamine E (ac\u00e9tate d&rsquo;alpha-tocoph\u00e9ryl tout-rac) : 400 UI\/kg, Cuivre (sulfate de cuivre(II) pentahydrate) : 10 mg\/kg, Cuivre (ch\u00e9late de cuivre(II)de l&rsquo;hydrate de glycine) : 5 mg\/kg, Zinc (sulfate de zinc monohydrat\u00e9) : 100 mg\/kg, Zinc (ch\u00e9late de zinc de l&rsquo;hydrate de glycine) : 50 mg\/kg, Fer (sulfate de fer(II) monohydrat\u00e9) : 100 mg\/kg, Mangan\u00e8se (sulfate de mangan\u00e8se(II)monohydrat\u00e9 : 35 mg\/kg, Iode (iodate de calcium, anhydre) : 1 mg\/kg, S\u00e9l\u00e9nium (s\u00e9l\u00e9nite de sodium) : 0,2 mg\/kg, Taurine : 600 mg\/kg, L-carnitine : 100 mg\/kg. <\/p>\n<h3>Additifs sensoriels<\/h3>\n<p> Extrait de Yucca schidigera : 200 mg\/kg. Contient des antioxydants naturels et des conservateurs \u00e0 base de romarin et de tocoph\u00e9rol mixte.<\/p>\n","protected":false},"excerpt":{"rendered":"<p>Dog Lovers Gold Cold-Pressed Formula, press\u00e9 \u00e0 froid, sans M\u00e4is, bl\u00e9, soja ou agents de remplissage. Des aliments pour chiens Super Premium qui conservent autant que possible les nutriments issus d&rsquo;ingr\u00e9dients naturels. Une nourriture s\u00e8che pour chiens aussi naturelle que possible !<\/p>\n","protected":false},"featured_media":2051,"comment_status":"closed","ping_status":"closed","template":"","meta":{"_acf_changed":false},"product_brand":[],"product_cat":[268,265],"product_tag":[],"class_list":{"0":"post-2195","1":"product","2":"type-product","3":"status-publish","4":"has-post-thumbnail","6":"product_cat-aliments-secs-fr","7":"product_cat-nutrition-fr","8":"pa_merk-dog-lovers-gold-fr","10":"first","11":"outofstock","12":"purchasable","13":"product-type-variable"},"acf":[],"_links":{"self":[{"href":"https:\/\/groovydogs.be\/fr\/wp-json\/wp\/v2\/product\/2195","targetHints":{"allow":["GET"]}}],"collection":[{"href":"https:\/\/groovydogs.be\/fr\/wp-json\/wp\/v2\/product"}],"about":[{"href":"https:\/\/groovydogs.be\/fr\/wp-json\/wp\/v2\/types\/product"}],"replies":[{"embeddable":true,"href":"https:\/\/groovydogs.be\/fr\/wp-json\/wp\/v2\/comments?post=2195"}],"wp:featuredmedia":[{"embeddable":true,"href":"https:\/\/groovydogs.be\/fr\/wp-json\/wp\/v2\/media\/2051"}],"wp:attachment":[{"href":"https:\/\/groovydogs.be\/fr\/wp-json\/wp\/v2\/media?parent=2195"}],"wp:term":[{"taxonomy":"product_brand","embeddable":true,"href":"https:\/\/groovydogs.be\/fr\/wp-json\/wp\/v2\/product_brand?post=2195"},{"taxonomy":"product_cat","embeddable":true,"href":"https:\/\/groovydogs.be\/fr\/wp-json\/wp\/v2\/product_cat?post=2195"},{"taxonomy":"product_tag","embeddable":true,"href":"https:\/\/groovydogs.be\/fr\/wp-json\/wp\/v2\/product_tag?post=2195"}],"curies":[{"name":"wp","href":"https:\/\/api.w.org\/{rel}","templated":true}]}}