{"id":2189,"date":"2022-09-27T09:43:00","date_gmt":"2022-09-27T09:43:00","guid":{"rendered":"https:\/\/groovydogs.be\/product\/kentucky-halsband-wol-2\/"},"modified":"2023-01-09T09:11:43","modified_gmt":"2023-01-09T09:11:43","slug":"kentucky-col-en-laine","status":"publish","type":"product","link":"https:\/\/groovydogs.be\/fr\/product\/kentucky-col-en-laine\/","title":{"rendered":"Kentucky col en laine"},"content":{"rendered":"<p>Le tissu ext\u00e9rieur lui donne un aspect semblable \u00e0 la laine, sans utiliser de produits animaux. \u00c0 l&rsquo;int\u00e9rieur, le col est renforc\u00e9 par du nylon pour plus de confort et de solidit\u00e9. Le collier comporte un anneau permettant d&rsquo;attacher notre laisse assortie. Il est dot\u00e9 d&rsquo;un clip tr\u00e8s pratique et sa taille peut \u00eatre facilement ajust\u00e9e. Le col peut \u00eatre lav\u00e9 en machine \u00e0 30\u00b0 avec un sac \u00e0 linge. Il ne peut pas \u00eatre s\u00e9ch\u00e9 en machine.<\/p>\n","protected":false},"excerpt":{"rendered":"<p>Ce collier pour chien donne \u00e0 votre chien une allure \u00e9l\u00e9gante. Le tissu ext\u00e9rieur lui donne un aspect semblable \u00e0 la laine, sans utiliser de produits animaux. \u00c0 l&rsquo;int\u00e9rieur, le col est renforc\u00e9 par du nylon pour plus de confort et de solidit\u00e9. Disponible en 3 couleurs.<\/p>\n","protected":false},"featured_media":2107,"comment_status":"closed","ping_status":"closed","template":"","meta":{"_acf_changed":false},"product_brand":[],"product_cat":[233],"product_tag":[],"class_list":{"0":"post-2189","1":"product","2":"type-product","3":"status-publish","4":"has-post-thumbnail","6":"product_cat-accessoires-fr","7":"pa_merk-kentucky-fr","9":"first","10":"instock","11":"purchasable","12":"product-type-variable"},"acf":[],"_links":{"self":[{"href":"https:\/\/groovydogs.be\/fr\/wp-json\/wp\/v2\/product\/2189","targetHints":{"allow":["GET"]}}],"collection":[{"href":"https:\/\/groovydogs.be\/fr\/wp-json\/wp\/v2\/product"}],"about":[{"href":"https:\/\/groovydogs.be\/fr\/wp-json\/wp\/v2\/types\/product"}],"replies":[{"embeddable":true,"href":"https:\/\/groovydogs.be\/fr\/wp-json\/wp\/v2\/comments?post=2189"}],"wp:featuredmedia":[{"embeddable":true,"href":"https:\/\/groovydogs.be\/fr\/wp-json\/wp\/v2\/media\/2107"}],"wp:attachment":[{"href":"https:\/\/groovydogs.be\/fr\/wp-json\/wp\/v2\/media?parent=2189"}],"wp:term":[{"taxonomy":"product_brand","embeddable":true,"href":"https:\/\/groovydogs.be\/fr\/wp-json\/wp\/v2\/product_brand?post=2189"},{"taxonomy":"product_cat","embeddable":true,"href":"https:\/\/groovydogs.be\/fr\/wp-json\/wp\/v2\/product_cat?post=2189"},{"taxonomy":"product_tag","embeddable":true,"href":"https:\/\/groovydogs.be\/fr\/wp-json\/wp\/v2\/product_tag?post=2189"}],"curies":[{"name":"wp","href":"https:\/\/api.w.org\/{rel}","templated":true}]}}