{"id":2186,"date":"2022-09-27T09:43:00","date_gmt":"2022-09-27T09:43:00","guid":{"rendered":"https:\/\/groovydogs.be\/product\/kentucky-hondenlijband-reflective\/"},"modified":"2023-01-03T14:38:48","modified_gmt":"2023-01-03T14:38:48","slug":"laisse-pour-chien-kentucky-reflectif","status":"publish","type":"product","link":"https:\/\/groovydogs.be\/fr\/product\/laisse-pour-chien-kentucky-reflectif\/","title":{"rendered":"Laisse pour chien Kentucky r\u00e9flectif"},"content":{"rendered":"<p>Cette laisse r\u00e9fl\u00e9chissante pour chien assure une visibilit\u00e9 et une s\u00e9curit\u00e9 maximales \u00e0 votre chien ! En plus d&rsquo;\u00eatre \u00e9l\u00e9gant, il est 100% r\u00e9fl\u00e9chissant. Cette laisse extra robuste s&rsquo;adapte parfaitement au collier r\u00e9fl\u00e9chissant pour chien. La laisse est de 2m de long.<\/p>\n","protected":false},"excerpt":{"rendered":"<p>Cette laisse n&rsquo;est pas seulement \u00e9l\u00e9gante, elle est aussi 100% r\u00e9fl\u00e9chissante.<\/p>\n","protected":false},"featured_media":2101,"comment_status":"closed","ping_status":"closed","template":"","meta":{"_acf_changed":false},"product_brand":[],"product_cat":[233],"product_tag":[],"class_list":{"0":"post-2186","1":"product","2":"type-product","3":"status-publish","4":"has-post-thumbnail","6":"product_cat-accessoires-fr","7":"pa_merk-kentucky-fr","9":"first","10":"instock","11":"purchasable","12":"product-type-simple"},"acf":[],"_links":{"self":[{"href":"https:\/\/groovydogs.be\/fr\/wp-json\/wp\/v2\/product\/2186","targetHints":{"allow":["GET"]}}],"collection":[{"href":"https:\/\/groovydogs.be\/fr\/wp-json\/wp\/v2\/product"}],"about":[{"href":"https:\/\/groovydogs.be\/fr\/wp-json\/wp\/v2\/types\/product"}],"replies":[{"embeddable":true,"href":"https:\/\/groovydogs.be\/fr\/wp-json\/wp\/v2\/comments?post=2186"}],"wp:featuredmedia":[{"embeddable":true,"href":"https:\/\/groovydogs.be\/fr\/wp-json\/wp\/v2\/media\/2101"}],"wp:attachment":[{"href":"https:\/\/groovydogs.be\/fr\/wp-json\/wp\/v2\/media?parent=2186"}],"wp:term":[{"taxonomy":"product_brand","embeddable":true,"href":"https:\/\/groovydogs.be\/fr\/wp-json\/wp\/v2\/product_brand?post=2186"},{"taxonomy":"product_cat","embeddable":true,"href":"https:\/\/groovydogs.be\/fr\/wp-json\/wp\/v2\/product_cat?post=2186"},{"taxonomy":"product_tag","embeddable":true,"href":"https:\/\/groovydogs.be\/fr\/wp-json\/wp\/v2\/product_tag?post=2186"}],"curies":[{"name":"wp","href":"https:\/\/api.w.org\/{rel}","templated":true}]}}